{"id":1652,"date":"2025-06-17T11:27:06","date_gmt":"2025-06-17T09:27:06","guid":{"rendered":"https:\/\/evosys.technology\/contact\/"},"modified":"2026-01-28T10:36:06","modified_gmt":"2026-01-28T09:36:06","slug":"contact","status":"publish","type":"page","link":"https:\/\/evosys.technology\/en\/contact\/","title":{"rendered":"Contact"},"content":{"rendered":"\t\t<div data-elementor-type=\"wp-page\" data-elementor-id=\"1652\" class=\"elementor elementor-1652 elementor-79\">\n\t\t\t\t<div class=\"elementor-element elementor-element-7014bfb e-flex e-con-boxed e-con e-parent\" data-id=\"7014bfb\" data-element_type=\"container\" data-e-type=\"container\">\n\t\t\t\t\t<div class=\"e-con-inner\">\n\t\t\t\t<div class=\"elementor-element elementor-element-b6c10e5 elementor-widget elementor-widget-spacer\" data-id=\"b6c10e5\" data-element_type=\"widget\" data-e-type=\"widget\" data-widget_type=\"spacer.default\">\n\t\t\t\t<div class=\"elementor-widget-container\">\n\t\t\t\t\t\t\t<div class=\"elementor-spacer\">\n\t\t\t<div class=\"elementor-spacer-inner\"><\/div>\n\t\t<\/div>\n\t\t\t\t\t\t<\/div>\n\t\t\t\t<\/div>\n\t\t<div class=\"elementor-element elementor-element-e75a8a3 e-con-full e-flex e-con e-child\" data-id=\"e75a8a3\" data-element_type=\"container\" data-e-type=\"container\">\n\t\t\t\t<div class=\"elementor-element elementor-element-92fbc45 elementor-widget elementor-widget-heading\" data-id=\"92fbc45\" data-element_type=\"widget\" data-e-type=\"widget\" data-widget_type=\"heading.default\">\n\t\t\t\t<div class=\"elementor-widget-container\">\n\t\t\t\t\t<h3 class=\"elementor-heading-title elementor-size-default\">Contact Our Team<\/h3>\t\t\t\t<\/div>\n\t\t\t\t<\/div>\n\t\t<div class=\"elementor-element elementor-element-8faf159 e-grid e-con-full e-con e-child\" data-id=\"8faf159\" data-element_type=\"container\" data-e-type=\"container\">\n\t\t<div class=\"elementor-element elementor-element-5d4b9e4 e-con-full e-flex e-con e-child\" data-id=\"5d4b9e4\" data-element_type=\"container\" data-e-type=\"container\">\n\t\t\t\t<div class=\"elementor-element elementor-element-2d0a8ad elementor-widget elementor-widget-image\" data-id=\"2d0a8ad\" data-element_type=\"widget\" data-e-type=\"widget\" data-widget_type=\"image.default\">\n\t\t\t\t<div class=\"elementor-widget-container\">\n\t\t\t\t\t\t\t\t\t\t\t\t\t\t\t<img decoding=\"async\" src=\"https:\/\/evosys.technology\/wp-content\/uploads\/elementor\/thumbs\/favicon-r7hs6xg6rtl3mve1vkc4sg4s53z2a6ahy4di5p9m2o.jpg\" title=\"favicon\" alt=\"favicon\" loading=\"lazy\" \/>\t\t\t\t\t\t\t\t\t\t\t\t\t\t\t<\/div>\n\t\t\t\t<\/div>\n\t\t\t\t<div class=\"elementor-element elementor-element-6d1939d elementor-widget elementor-widget-text-editor\" data-id=\"6d1939d\" data-element_type=\"widget\" data-e-type=\"widget\" data-widget_type=\"text-editor.default\">\n\t\t\t\t<div class=\"elementor-widget-container\">\n\t\t\t\t\t\t\t\t\t<h6 class=\"contact-h-department\"><img decoding=\"async\" src=\"https:\/\/evosys.technology\/wp-content\/uploads\/2026\/01\/pl_24_2.png\" alt=\"Polish\" width=\"24\" height=\"24\"> Dzia\u0142 sprzeda\u017cy<\/h6>\nmob: +48 722 345 900<br><a href=\"mailto:sklep@evosys.technology\">sklep@evosys.technology<\/a>\n<p>\n<h6 class=\"contact-h-department\"><img decoding=\"async\" src=\"https:\/\/evosys.technology\/wp-content\/uploads\/2026\/01\/en_24_2.png\" alt=\"English\" width=\"24\" height=\"24\"> Sales Department<\/h6>\nmob: +48 722 345 901<br><a href=\"mailto:sales@evosys.technology\">sales@evosys.technology<\/a>\t\t\t\t\t\t\t\t<\/div>\n\t\t\t\t<\/div>\n\t\t\t\t<\/div>\n\t\t<div class=\"elementor-element elementor-element-8214b2d e-con-full e-flex e-con e-child\" data-id=\"8214b2d\" data-element_type=\"container\" data-e-type=\"container\">\n\t\t\t\t<div class=\"elementor-element elementor-element-c45b769 elementor-widget elementor-widget-image\" data-id=\"c45b769\" data-element_type=\"widget\" data-e-type=\"widget\" data-widget_type=\"image.default\">\n\t\t\t\t<div class=\"elementor-widget-container\">\n\t\t\t\t\t\t\t\t\t\t\t\t\t\t\t<img decoding=\"async\" src=\"https:\/\/evosys.technology\/wp-content\/uploads\/elementor\/thumbs\/favicon-r7hs6xg6rtl3mve1vkc4sg4s53z2a6ahy4di5p9m2o.jpg\" title=\"favicon\" alt=\"favicon\" loading=\"lazy\" \/>\t\t\t\t\t\t\t\t\t\t\t\t\t\t\t<\/div>\n\t\t\t\t<\/div>\n\t\t\t\t<div class=\"elementor-element elementor-element-106fb03 elementor-widget elementor-widget-text-editor\" data-id=\"106fb03\" data-element_type=\"widget\" data-e-type=\"widget\" data-widget_type=\"text-editor.default\">\n\t\t\t\t<div class=\"elementor-widget-container\">\n\t\t\t\t\t\t\t\t\t&nbsp; <h6><img decoding=\"async\" src=\"https:\/\/evosys.technology\/wp-content\/uploads\/2026\/01\/pl_24_2.png\" alt=\"Polish\" width=\"24\" height=\"24\"> Dzia\u0142 wsparcia technicznego<br> <img decoding=\"async\" src=\"https:\/\/evosys.technology\/wp-content\/uploads\/2026\/01\/en_24_2.png\" alt=\"English\" width=\"24\" height=\"24\"> Technical support department<\/h6> mob: +48 722 345 902<br> <a href=\"mailto:wsparcie.techniczne@evosys.technology\">wsparcie.techniczne@evosys.technology<\/a>\t\t\t\t\t\t\t\t<\/div>\n\t\t\t\t<\/div>\n\t\t\t\t<\/div>\n\t\t\t\t<\/div>\n\t\t\t\t<div class=\"elementor-element elementor-element-12432b0 elementor-widget elementor-widget-spacer\" data-id=\"12432b0\" data-element_type=\"widget\" data-e-type=\"widget\" data-widget_type=\"spacer.default\">\n\t\t\t\t<div class=\"elementor-widget-container\">\n\t\t\t\t\t\t\t<div class=\"elementor-spacer\">\n\t\t\t<div class=\"elementor-spacer-inner\"><\/div>\n\t\t<\/div>\n\t\t\t\t\t\t<\/div>\n\t\t\t\t<\/div>\n\t\t\t\t<\/div>\n\t\t\t\t\t<\/div>\n\t\t\t\t<\/div>\n\t\t<div class=\"elementor-element elementor-element-3506911 e-flex e-con-boxed e-con e-parent\" data-id=\"3506911\" data-element_type=\"container\" data-e-type=\"container\">\n\t\t\t\t\t<div class=\"e-con-inner\">\n\t\t<div class=\"elementor-element elementor-element-45e4bf1 e-con-full e-flex e-con e-child\" data-id=\"45e4bf1\" data-element_type=\"container\" data-e-type=\"container\">\n\t\t\t\t<div class=\"elementor-element elementor-element-916b584 elementor-widget elementor-widget-heading\" data-id=\"916b584\" data-element_type=\"widget\" data-e-type=\"widget\" data-widget_type=\"heading.default\">\n\t\t\t\t<div class=\"elementor-widget-container\">\n\t\t\t\t\t<h3 class=\"elementor-heading-title elementor-size-default\">Contact Information<\/h3>\t\t\t\t<\/div>\n\t\t\t\t<\/div>\n\t\t\t\t<div class=\"elementor-element elementor-element-9e42087 elementor-widget elementor-widget-image\" data-id=\"9e42087\" data-element_type=\"widget\" data-e-type=\"widget\" data-widget_type=\"image.default\">\n\t\t\t\t<div class=\"elementor-widget-container\">\n\t\t\t\t\t\t\t\t\t\t\t\t\t\t\t<img decoding=\"async\" src=\"https:\/\/evosys.technology\/wp-content\/uploads\/elementor\/thumbs\/logo003-r7hrx7s9emf5rvngmky1z1gb33yz2djz0do23xuw5g.jpg\" title=\"Evosys Technology\" alt=\"Evosys Technology\" loading=\"lazy\" \/>\t\t\t\t\t\t\t\t\t\t\t\t\t\t\t<\/div>\n\t\t\t\t<\/div>\n\t\t\t\t<div class=\"elementor-element elementor-element-7e86026 elementor-widget elementor-widget-text-editor\" data-id=\"7e86026\" data-element_type=\"widget\" data-e-type=\"widget\" data-widget_type=\"text-editor.default\">\n\t\t\t\t<div class=\"elementor-widget-container\">\n\t\t\t\t\t\t\t\t\t<div class=\"woostify-contact-info\">\n<div class=\"contact-info-list\">\n<div class=\"contact-info-img\"><img decoding=\"async\" class=\"alignnone\" src=\"https:\/\/evosys.technology\/wp-content\/uploads\/2025\/07\/telephone.png\" alt=\"contact-info-image\" width=\"36\" height=\"36\"><\/div>\n<div class=\"contact-info-detail\">\n\n<span style=\"font-size: 10px; text-transform: uppercase;\"><b>Contact Phone<\/b><\/span>\n<h6>+48 12 34 49 950<\/h6>\n<\/div>\n<\/div>\n<div class=\"contact-info-list\">\n<div class=\"contact-info-img\"><img loading=\"lazy\" decoding=\"async\" src=\"https:\/\/evosys.technology\/wp-content\/uploads\/2025\/07\/email.png\" alt=\"contact-info-image\" width=\"36\" height=\"36\"><\/div>\n<div class=\"contact-info-detail\">\n\n<span style=\"font-size: 10px; text-transform: uppercase;\"><b>Email<\/b><\/span>\n<h6><a href=\"mailto:biuro@evosys.technology\">biuro@evosys.technology<\/a><\/h6>\n<\/div>\n<\/div>\n<div class=\"contact-info-list\">\n<div class=\"contact-info-img\"><img loading=\"lazy\" decoding=\"async\" src=\"https:\/\/evosys.technology\/wp-content\/uploads\/2025\/07\/placeholder.png\" alt=\"contact-info-image\" width=\"36\" height=\"36\"><\/div>\n<div class=\"contact-info-detail\">\n\n<span style=\"font-size: 10px; text-transform: uppercase;\"><b>Address<\/b><\/span>\n<h6>CONTROLHUB Sp. z o. o.<\/h6>\nul. Wielicka 42\/B3\n<br>30-552 Krakow\n\n<\/div>\n<\/div>\n<div class=\"contact-info-list\">\n<div class=\"contact-info-img\"><img loading=\"lazy\" decoding=\"async\" src=\"https:\/\/evosys.technology\/wp-content\/uploads\/2025\/07\/company.png\" alt=\"contact-info-image\" width=\"36\" height=\"36\"><\/div>\n<div class=\"contact-info-detail\">\n\n<b>District Court in Krakow<\/b>\n<br><b>11th Commercial Division<\/b>\n\n<span style=\"font-size: 10px; text-transform: uppercase;\">\n<br><b>KRS<\/b><\/span>\n<h6>0001125816<\/h6>\n<span style=\"font-size: 10px; text-transform: uppercase;\"><b>NIP<\/b><\/span>\n<h6>6793309102<\/h6>\n<span style=\"font-size: 10px; text-transform: uppercase;\"><b>REGON<\/b><\/span>\n<h6>529593890<\/h6>\n<\/div>\n<\/div>\n<\/div>\t\t\t\t\t\t\t\t<\/div>\n\t\t\t\t<\/div>\n\t\t\t\t<\/div>\n\t\t<div class=\"elementor-element elementor-element-0dae606 e-con-full e-flex e-con e-child\" data-id=\"0dae606\" data-element_type=\"container\" data-e-type=\"container\">\n\t\t\t\t<div class=\"elementor-element elementor-element-cf2e062 elementor-widget elementor-widget-heading\" data-id=\"cf2e062\" data-element_type=\"widget\" data-e-type=\"widget\" data-widget_type=\"heading.default\">\n\t\t\t\t<div class=\"elementor-widget-container\">\n\t\t\t\t\t<h3 class=\"elementor-heading-title elementor-size-default\">Contact Form<\/h3>\t\t\t\t<\/div>\n\t\t\t\t<\/div>\n\t\t\t\t<div class=\"elementor-element elementor-element-3a2b6f4 elementor-widget elementor-widget-spacer\" data-id=\"3a2b6f4\" data-element_type=\"widget\" data-e-type=\"widget\" data-widget_type=\"spacer.default\">\n\t\t\t\t<div class=\"elementor-widget-container\">\n\t\t\t\t\t\t\t<div class=\"elementor-spacer\">\n\t\t\t<div class=\"elementor-spacer-inner\"><\/div>\n\t\t<\/div>\n\t\t\t\t\t\t<\/div>\n\t\t\t\t<\/div>\n\t\t\t\t<div class=\"elementor-element elementor-element-5fe2ec7 elementor-widget elementor-widget-text-editor\" data-id=\"5fe2ec7\" data-element_type=\"widget\" data-e-type=\"widget\" data-widget_type=\"text-editor.default\">\n\t\t\t\t<div class=\"elementor-widget-container\">\n\t\t\t\t\t\t\t\t\t<p>Use the form below to contact our team<\/p>\t\t\t\t\t\t\t\t<\/div>\n\t\t\t\t<\/div>\n\t\t\t\t<div class=\"elementor-element elementor-element-405e52d elementor-widget elementor-widget-shortcode\" data-id=\"405e52d\" data-element_type=\"widget\" data-e-type=\"widget\" data-widget_type=\"shortcode.default\">\n\t\t\t\t<div class=\"elementor-widget-container\">\n\t\t\t\t\t\t\t<div class=\"elementor-shortcode\">\n<div class=\"wpcf7 no-js\" id=\"wpcf7-f1673-o1\" lang=\"en-US\" dir=\"ltr\" data-wpcf7-id=\"1673\">\n<div class=\"screen-reader-response\"><p role=\"status\" aria-live=\"polite\" aria-atomic=\"true\"><\/p> <ul><\/ul><\/div>\n<form action=\"\/en\/wp-json\/wp\/v2\/pages\/1652#wpcf7-f1673-o1\" method=\"post\" class=\"wpcf7-form init\" aria-label=\"Contact form\" novalidate=\"novalidate\" data-status=\"init\">\n<fieldset class=\"hidden-fields-container\"><input type=\"hidden\" name=\"_wpcf7\" value=\"1673\" \/><input type=\"hidden\" name=\"_wpcf7_version\" value=\"6.1.5\" \/><input type=\"hidden\" name=\"_wpcf7_locale\" value=\"en_US\" \/><input type=\"hidden\" name=\"_wpcf7_unit_tag\" value=\"wpcf7-f1673-o1\" \/><input type=\"hidden\" name=\"_wpcf7_container_post\" value=\"0\" \/><input type=\"hidden\" name=\"_wpcf7_posted_data_hash\" value=\"\" \/><input type=\"hidden\" name=\"_wpcf7dtx_version\" value=\"5.0.5\" \/>\n<\/fieldset>\n<div class=\"form-kontakt\">\n\t<p><label> Company name *<br \/>\n<span class=\"wpcf7-form-control-wrap\" data-name=\"nazwa-firmy\"><input size=\"40\" maxlength=\"400\" class=\"wpcf7-form-control wpcf7-text wpcf7-validates-as-required form-nazwa-firmy\" aria-required=\"true\" aria-invalid=\"false\" value=\"\" type=\"text\" name=\"nazwa-firmy\" \/><\/span> <\/label>\n\t<\/p>\n\t<p><label> Full name *<br \/>\n<span class=\"wpcf7-form-control-wrap\" data-name=\"imie-nazwisko\"><input size=\"40\" maxlength=\"400\" class=\"wpcf7-form-control wpcf7-text wpcf7-validates-as-required form-imie-nazwisko\" aria-required=\"true\" aria-invalid=\"false\" value=\"\" type=\"text\" name=\"imie-nazwisko\" \/><\/span> <\/label>\n\t<\/p>\n\t<p><label> Email address *<br \/>\n<span class=\"wpcf7-form-control-wrap\" data-name=\"email\"><input size=\"40\" maxlength=\"400\" class=\"wpcf7-form-control wpcf7-email wpcf7-validates-as-required wpcf7-text wpcf7-validates-as-email form-email\" aria-required=\"true\" aria-invalid=\"false\" value=\"\" type=\"email\" name=\"email\" \/><\/span> <\/label>\n\t<\/p>\n\t<p><label> Phone<br \/>\n<span class=\"wpcf7-form-control-wrap\" data-name=\"telefon\"><input size=\"40\" maxlength=\"400\" class=\"wpcf7-form-control wpcf7-tel wpcf7-text wpcf7-validates-as-tel form-telefon\" aria-invalid=\"false\" value=\"\" type=\"tel\" name=\"telefon\" \/><\/span> <\/label>\n\t<\/p>\n\t<p><label> Message *<br \/>\n<span class=\"wpcf7-form-control-wrap\" data-name=\"wiadomosc\"><textarea cols=\"40\" rows=\"10\" maxlength=\"2000\" class=\"wpcf7-form-control wpcf7-textarea wpcf7-validates-as-required form-wiadomosc\" aria-required=\"true\" aria-invalid=\"false\" name=\"wiadomosc\"><\/textarea><\/span> <\/label>\n\t<\/p>\n\t<p><input class=\"wpcf7-form-control wpcf7-submit has-spinner\" type=\"submit\" value=\"Send message\" \/>\n\t<\/p>\n<\/div><div class=\"wpcf7-response-output\" aria-hidden=\"true\"><\/div>\n<\/form>\n<\/div>\n<\/div>\n\t\t\t\t\t\t<\/div>\n\t\t\t\t<\/div>\n\t\t\t\t<\/div>\n\t\t\t\t\t<\/div>\n\t\t\t\t<\/div>\n\t\t\t\t<\/div>\n\t\t","protected":false},"excerpt":{"rendered":"<p>Contact Our Team Dzia\u0142 sprzeda\u017cy mob: +48 722 345 900sklep@evosys.technology Sales Department mob: +48 722 345 901sales@evosys.technology &nbsp; Dzia\u0142 wsparcia [&hellip;]<\/p>\n","protected":false},"author":1,"featured_media":0,"parent":0,"menu_order":0,"comment_status":"closed","ping_status":"closed","template":"","meta":{"_acf_changed":false,"site-sidebar-layout":"no-sidebar","site-content-layout":"","ast-site-content-layout":"full-width-container","site-content-style":"default","site-sidebar-style":"default","ast-global-header-display":"","ast-banner-title-visibility":"","ast-main-header-display":"","ast-hfb-above-header-display":"","ast-hfb-below-header-display":"","ast-hfb-mobile-header-display":"","site-post-title":"disabled","ast-breadcrumbs-content":"","ast-featured-img":"disabled","footer-sml-layout":"","ast-disable-related-posts":"","theme-transparent-header-meta":"","adv-header-id-meta":"","stick-header-meta":"","header-above-stick-meta":"","header-main-stick-meta":"","header-below-stick-meta":"","astra-migrate-meta-layouts":"default","ast-page-background-enabled":"default","ast-page-background-meta":{"desktop":{"background-color":"var(--ast-global-color-5)","background-image":"","background-repeat":"repeat","background-position":"center center","background-size":"auto","background-attachment":"scroll","background-type":"","background-media":"","overlay-type":"","overlay-color":"","overlay-opacity":"","overlay-gradient":""},"tablet":{"background-color":"","background-image":"","background-repeat":"repeat","background-position":"center center","background-size":"auto","background-attachment":"scroll","background-type":"","background-media":"","overlay-type":"","overlay-color":"","overlay-opacity":"","overlay-gradient":""},"mobile":{"background-color":"","background-image":"","background-repeat":"repeat","background-position":"center center","background-size":"auto","background-attachment":"scroll","background-type":"","background-media":"","overlay-type":"","overlay-color":"","overlay-opacity":"","overlay-gradient":""}},"ast-content-background-meta":{"desktop":{"background-color":"var(--ast-global-color-4)","background-image":"","background-repeat":"repeat","background-position":"center center","background-size":"auto","background-attachment":"scroll","background-type":"","background-media":"","overlay-type":"","overlay-color":"","overlay-opacity":"","overlay-gradient":""},"tablet":{"background-color":"var(--ast-global-color-4)","background-image":"","background-repeat":"repeat","background-position":"center center","background-size":"auto","background-attachment":"scroll","background-type":"","background-media":"","overlay-type":"","overlay-color":"","overlay-opacity":"","overlay-gradient":""},"mobile":{"background-color":"var(--ast-global-color-4)","background-image":"","background-repeat":"repeat","background-position":"center center","background-size":"auto","background-attachment":"scroll","background-type":"","background-media":"","overlay-type":"","overlay-color":"","overlay-opacity":"","overlay-gradient":""}},"footnotes":""},"class_list":["post-1652","page","type-page","status-publish","hentry"],"acf":[],"yoast_head":"<!-- This site is optimized with the Yoast SEO plugin v27.0 - https:\/\/yoast.com\/product\/yoast-seo-wordpress\/ -->\n<title>Contact - EvoSys Technology<\/title>\n<meta name=\"robots\" content=\"index, follow, max-snippet:-1, max-image-preview:large, max-video-preview:-1\" \/>\n<link rel=\"canonical\" href=\"https:\/\/evosys.technology\/en\/contact\/\" \/>\n<meta property=\"og:locale\" content=\"en_US\" \/>\n<meta property=\"og:type\" content=\"article\" \/>\n<meta property=\"og:title\" content=\"Contact - EvoSys Technology\" \/>\n<meta property=\"og:description\" content=\"Contact Our Team Dzia\u0142 sprzeda\u017cy mob: +48 722 345 900sklep@evosys.technology Sales Department mob: +48 722 345 901sales@evosys.technology &nbsp; Dzia\u0142 wsparcia [&hellip;]\" \/>\n<meta property=\"og:url\" content=\"https:\/\/evosys.technology\/en\/contact\/\" \/>\n<meta property=\"og:site_name\" content=\"EvoSys Technology\" \/>\n<meta property=\"article:modified_time\" content=\"2026-01-28T09:36:06+00:00\" \/>\n<meta property=\"og:image\" content=\"https:\/\/evosys.technology\/wp-content\/uploads\/elementor\/thumbs\/favicon-r7hs6xg6rtl3mve1vkc4sg4s53z2a6ahy4di5p9m2o.jpg\" \/>\n<meta name=\"twitter:card\" content=\"summary_large_image\" \/>\n<script type=\"application\/ld+json\" class=\"yoast-schema-graph\">{\"@context\":\"https:\/\/schema.org\",\"@graph\":[{\"@type\":\"WebPage\",\"@id\":\"https:\/\/evosys.technology\/en\/contact\/\",\"url\":\"https:\/\/evosys.technology\/en\/contact\/\",\"name\":\"Contact - EvoSys Technology\",\"isPartOf\":{\"@id\":\"https:\/\/evosys.technology\/en\/#website\"},\"primaryImageOfPage\":{\"@id\":\"https:\/\/evosys.technology\/en\/contact\/#primaryimage\"},\"image\":{\"@id\":\"https:\/\/evosys.technology\/en\/contact\/#primaryimage\"},\"thumbnailUrl\":\"https:\/\/evosys.technology\/wp-content\/uploads\/elementor\/thumbs\/favicon-r7hs6xg6rtl3mve1vkc4sg4s53z2a6ahy4di5p9m2o.jpg\",\"datePublished\":\"2025-06-17T09:27:06+00:00\",\"dateModified\":\"2026-01-28T09:36:06+00:00\",\"breadcrumb\":{\"@id\":\"https:\/\/evosys.technology\/en\/contact\/#breadcrumb\"},\"inLanguage\":\"en-US\",\"potentialAction\":[{\"@type\":\"ReadAction\",\"target\":[\"https:\/\/evosys.technology\/en\/contact\/\"]}]},{\"@type\":\"ImageObject\",\"inLanguage\":\"en-US\",\"@id\":\"https:\/\/evosys.technology\/en\/contact\/#primaryimage\",\"url\":\"https:\/\/evosys.technology\/wp-content\/uploads\/elementor\/thumbs\/favicon-r7hs6xg6rtl3mve1vkc4sg4s53z2a6ahy4di5p9m2o.jpg\",\"contentUrl\":\"https:\/\/evosys.technology\/wp-content\/uploads\/elementor\/thumbs\/favicon-r7hs6xg6rtl3mve1vkc4sg4s53z2a6ahy4di5p9m2o.jpg\"},{\"@type\":\"BreadcrumbList\",\"@id\":\"https:\/\/evosys.technology\/en\/contact\/#breadcrumb\",\"itemListElement\":[{\"@type\":\"ListItem\",\"position\":1,\"name\":\"Strona g\u0142\u00f3wna\",\"item\":\"https:\/\/evosys.technology\/en\/\"},{\"@type\":\"ListItem\",\"position\":2,\"name\":\"Contact\"}]},{\"@type\":\"WebSite\",\"@id\":\"https:\/\/evosys.technology\/en\/#website\",\"url\":\"https:\/\/evosys.technology\/en\/\",\"name\":\"EvoSys Technology\",\"description\":\"\",\"publisher\":{\"@id\":\"https:\/\/evosys.technology\/en\/#organization\"},\"potentialAction\":[{\"@type\":\"SearchAction\",\"target\":{\"@type\":\"EntryPoint\",\"urlTemplate\":\"https:\/\/evosys.technology\/en\/?s={search_term_string}\"},\"query-input\":{\"@type\":\"PropertyValueSpecification\",\"valueRequired\":true,\"valueName\":\"search_term_string\"}}],\"inLanguage\":\"en-US\"},{\"@type\":\"Organization\",\"@id\":\"https:\/\/evosys.technology\/en\/#organization\",\"name\":\"EvoSys Technology\",\"url\":\"https:\/\/evosys.technology\/en\/\",\"logo\":{\"@type\":\"ImageObject\",\"inLanguage\":\"en-US\",\"@id\":\"https:\/\/evosys.technology\/en\/#\/schema\/logo\/image\/\",\"url\":\"https:\/\/evosys.technology\/wp-content\/uploads\/2025\/06\/favicon.jpg\",\"contentUrl\":\"https:\/\/evosys.technology\/wp-content\/uploads\/2025\/06\/favicon.jpg\",\"width\":512,\"height\":512,\"caption\":\"EvoSys Technology\"},\"image\":{\"@id\":\"https:\/\/evosys.technology\/en\/#\/schema\/logo\/image\/\"}}]}<\/script>\n<!-- \/ Yoast SEO plugin. -->","yoast_head_json":{"title":"Contact - EvoSys Technology","robots":{"index":"index","follow":"follow","max-snippet":"max-snippet:-1","max-image-preview":"max-image-preview:large","max-video-preview":"max-video-preview:-1"},"canonical":"https:\/\/evosys.technology\/en\/contact\/","og_locale":"en_US","og_type":"article","og_title":"Contact - EvoSys Technology","og_description":"Contact Our Team Dzia\u0142 sprzeda\u017cy mob: +48 722 345 900sklep@evosys.technology Sales Department mob: +48 722 345 901sales@evosys.technology &nbsp; Dzia\u0142 wsparcia [&hellip;]","og_url":"https:\/\/evosys.technology\/en\/contact\/","og_site_name":"EvoSys Technology","article_modified_time":"2026-01-28T09:36:06+00:00","og_image":[{"url":"https:\/\/evosys.technology\/wp-content\/uploads\/elementor\/thumbs\/favicon-r7hs6xg6rtl3mve1vkc4sg4s53z2a6ahy4di5p9m2o.jpg","type":"","width":"","height":""}],"twitter_card":"summary_large_image","schema":{"@context":"https:\/\/schema.org","@graph":[{"@type":"WebPage","@id":"https:\/\/evosys.technology\/en\/contact\/","url":"https:\/\/evosys.technology\/en\/contact\/","name":"Contact - EvoSys Technology","isPartOf":{"@id":"https:\/\/evosys.technology\/en\/#website"},"primaryImageOfPage":{"@id":"https:\/\/evosys.technology\/en\/contact\/#primaryimage"},"image":{"@id":"https:\/\/evosys.technology\/en\/contact\/#primaryimage"},"thumbnailUrl":"https:\/\/evosys.technology\/wp-content\/uploads\/elementor\/thumbs\/favicon-r7hs6xg6rtl3mve1vkc4sg4s53z2a6ahy4di5p9m2o.jpg","datePublished":"2025-06-17T09:27:06+00:00","dateModified":"2026-01-28T09:36:06+00:00","breadcrumb":{"@id":"https:\/\/evosys.technology\/en\/contact\/#breadcrumb"},"inLanguage":"en-US","potentialAction":[{"@type":"ReadAction","target":["https:\/\/evosys.technology\/en\/contact\/"]}]},{"@type":"ImageObject","inLanguage":"en-US","@id":"https:\/\/evosys.technology\/en\/contact\/#primaryimage","url":"https:\/\/evosys.technology\/wp-content\/uploads\/elementor\/thumbs\/favicon-r7hs6xg6rtl3mve1vkc4sg4s53z2a6ahy4di5p9m2o.jpg","contentUrl":"https:\/\/evosys.technology\/wp-content\/uploads\/elementor\/thumbs\/favicon-r7hs6xg6rtl3mve1vkc4sg4s53z2a6ahy4di5p9m2o.jpg"},{"@type":"BreadcrumbList","@id":"https:\/\/evosys.technology\/en\/contact\/#breadcrumb","itemListElement":[{"@type":"ListItem","position":1,"name":"Strona g\u0142\u00f3wna","item":"https:\/\/evosys.technology\/en\/"},{"@type":"ListItem","position":2,"name":"Contact"}]},{"@type":"WebSite","@id":"https:\/\/evosys.technology\/en\/#website","url":"https:\/\/evosys.technology\/en\/","name":"EvoSys Technology","description":"","publisher":{"@id":"https:\/\/evosys.technology\/en\/#organization"},"potentialAction":[{"@type":"SearchAction","target":{"@type":"EntryPoint","urlTemplate":"https:\/\/evosys.technology\/en\/?s={search_term_string}"},"query-input":{"@type":"PropertyValueSpecification","valueRequired":true,"valueName":"search_term_string"}}],"inLanguage":"en-US"},{"@type":"Organization","@id":"https:\/\/evosys.technology\/en\/#organization","name":"EvoSys Technology","url":"https:\/\/evosys.technology\/en\/","logo":{"@type":"ImageObject","inLanguage":"en-US","@id":"https:\/\/evosys.technology\/en\/#\/schema\/logo\/image\/","url":"https:\/\/evosys.technology\/wp-content\/uploads\/2025\/06\/favicon.jpg","contentUrl":"https:\/\/evosys.technology\/wp-content\/uploads\/2025\/06\/favicon.jpg","width":512,"height":512,"caption":"EvoSys Technology"},"image":{"@id":"https:\/\/evosys.technology\/en\/#\/schema\/logo\/image\/"}}]}},"jetpack_sharing_enabled":true,"_links":{"self":[{"href":"https:\/\/evosys.technology\/en\/wp-json\/wp\/v2\/pages\/1652","targetHints":{"allow":["GET"]}}],"collection":[{"href":"https:\/\/evosys.technology\/en\/wp-json\/wp\/v2\/pages"}],"about":[{"href":"https:\/\/evosys.technology\/en\/wp-json\/wp\/v2\/types\/page"}],"author":[{"embeddable":true,"href":"https:\/\/evosys.technology\/en\/wp-json\/wp\/v2\/users\/1"}],"replies":[{"embeddable":true,"href":"https:\/\/evosys.technology\/en\/wp-json\/wp\/v2\/comments?post=1652"}],"version-history":[{"count":41,"href":"https:\/\/evosys.technology\/en\/wp-json\/wp\/v2\/pages\/1652\/revisions"}],"predecessor-version":[{"id":2019,"href":"https:\/\/evosys.technology\/en\/wp-json\/wp\/v2\/pages\/1652\/revisions\/2019"}],"wp:attachment":[{"href":"https:\/\/evosys.technology\/en\/wp-json\/wp\/v2\/media?parent=1652"}],"curies":[{"name":"wp","href":"https:\/\/api.w.org\/{rel}","templated":true}]}}